{"id":2299,"date":"2024-10-01T11:46:24","date_gmt":"2024-10-01T11:46:24","guid":{"rendered":"https:\/\/flaretattoo.com\/?page_id=2299"},"modified":"2024-10-01T17:07:06","modified_gmt":"2024-10-01T17:07:06","slug":"tattoo-services","status":"publish","type":"page","link":"https:\/\/flaretattoo.com\/et\/tatoveerimisteenused\/","title":{"rendered":"T\u00e4toveeringute teenused"},"content":{"rendered":"<div data-elementor-type=\"wp-page\" data-elementor-id=\"2299\" class=\"elementor elementor-2299\" data-elementor-post-type=\"page\">\n\t\t\t\t<div class=\"elementor-element elementor-element-3df26ef e-flex e-con-boxed e-con e-parent\" data-id=\"3df26ef\" data-element_type=\"container\" data-e-type=\"container\">\n\t\t\t\t\t<div class=\"e-con-inner\">\n\t\t\t\t\t<\/div>\n\t\t\t\t<\/div>\n\t\t<div class=\"elementor-element elementor-element-9b22463 e-flex e-con-boxed e-con e-parent\" data-id=\"9b22463\" data-element_type=\"container\" data-e-type=\"container\">\n\t\t\t\t\t<div class=\"e-con-inner\">\n\t\t\t\t<div class=\"elementor-element elementor-element-684e53d elementor-widget elementor-widget-spacer\" data-id=\"684e53d\" data-element_type=\"widget\" data-e-type=\"widget\" data-widget_type=\"spacer.default\">\n\t\t\t\t<div class=\"elementor-widget-container\">\n\t\t\t\t\t\t\t<div class=\"elementor-spacer\">\n\t\t\t<div class=\"elementor-spacer-inner\"><\/div>\n\t\t<\/div>\n\t\t\t\t\t\t<\/div>\n\t\t\t\t<\/div>\n\t\t\t\t\t<\/div>\n\t\t\t\t<\/div>\n\t\t<div class=\"elementor-element elementor-element-a4fd6bd e-flex e-con-boxed e-con e-parent\" data-id=\"a4fd6bd\" data-element_type=\"container\" data-e-type=\"container\" data-settings=\"{&quot;background_background&quot;:&quot;classic&quot;}\">\n\t\t\t\t\t<div class=\"e-con-inner\">\n\t\t<div class=\"elementor-element elementor-element-4cfbb08 e-con-full e-flex e-con e-child\" data-id=\"4cfbb08\" data-element_type=\"container\" data-e-type=\"container\">\n\t\t<div class=\"elementor-element elementor-element-6aea59a e-con-full e-flex e-con e-child\" data-id=\"6aea59a\" data-element_type=\"container\" data-e-type=\"container\" data-settings=\"{&quot;background_background&quot;:&quot;classic&quot;}\">\n\t\t\t\t<div class=\"elementor-element elementor-element-1bd8a87 elementor-widget elementor-widget-text-editor\" data-id=\"1bd8a87\" data-element_type=\"widget\" data-e-type=\"widget\" data-widget_type=\"text-editor.default\">\n\t\t\t\t<div class=\"elementor-widget-container\">\n\t\t\t\t\t\t\t\t\t<h2>Kogemused auhinnatud t\u00e4toveerimisteenustest Tallinna s\u00fcdames<\/h2>\t\t\t\t\t\t\t\t<\/div>\n\t\t\t\t<\/div>\n\t\t\t\t<div class=\"elementor-element elementor-element-cace4d7 elementor-widget elementor-widget-text-editor\" data-id=\"cace4d7\" data-element_type=\"widget\" data-e-type=\"widget\" data-widget_type=\"text-editor.default\">\n\t\t\t\t<div class=\"elementor-widget-container\">\n\t\t\t\t\t\t\t\t\t<p>FlareTattoo pakub laia valikut t\u00e4toveerimisteenuseid, mis on loodud vastavalt teie individuaalsetele vajadustele ja eelistustele. Meie kvalifitseeritud, mitmekeelsed kunstnikud on p\u00fchendunud kvaliteetsete t\u00e4toveeringute tegemisele professionaalses ja s\u00f5bralikus keskkonnas. \u00dcksk\u00f5ik, kas otsite midagi v\u00e4ikest v\u00f5i otsite t\u00e4ielikku kohandatud varrukat, meie stuudio on varustatud, et pakkuda. Siin on \u00fclevaade meie pakutavatest erinevatest teenustest.<\/p>\t\t\t\t\t\t\t\t<\/div>\n\t\t\t\t<\/div>\n\t\t<div class=\"elementor-element elementor-element-e2446e6 e-flex e-con-boxed e-con e-child\" data-id=\"e2446e6\" data-element_type=\"container\" data-e-type=\"container\">\n\t\t\t\t\t<div class=\"e-con-inner\">\n\t\t\t\t<div class=\"elementor-element elementor-element-13abc67 elementor-align-left elementor-widget__width-initial elementor-widget-tablet__width-auto elementor-widget elementor-widget-button\" data-id=\"13abc67\" data-element_type=\"widget\" data-e-type=\"widget\" data-widget_type=\"button.default\">\n\t\t\t\t<div class=\"elementor-widget-container\">\n\t\t\t\t\t\t\t\t\t<div class=\"elementor-button-wrapper\">\n\t\t\t\t\t<a class=\"elementor-button elementor-button-link elementor-size-md\" href=\"https:\/\/flaretattoo.com\/et\/broneerimine\/\">\n\t\t\t\t\t\t<span class=\"elementor-button-content-wrapper\">\n\t\t\t\t\t\t\t\t\t<span class=\"elementor-button-text\">Broneeri T\u00e4na<\/span>\n\t\t\t\t\t<\/span>\n\t\t\t\t\t<\/a>\n\t\t\t\t<\/div>\n\t\t\t\t\t\t\t\t<\/div>\n\t\t\t\t<\/div>\n\t\t\t\t<div class=\"elementor-element elementor-element-f88e021 elementor-align-left elementor-widget__width-initial elementor-widget-tablet__width-auto elementor-widget elementor-widget-button\" data-id=\"f88e021\" data-element_type=\"widget\" data-e-type=\"widget\" data-widget_type=\"button.default\">\n\t\t\t\t<div class=\"elementor-widget-container\">\n\t\t\t\t\t\t\t\t\t<div class=\"elementor-button-wrapper\">\n\t\t\t\t\t<a class=\"elementor-button elementor-button-link elementor-size-md\" href=\"#\">\n\t\t\t\t\t\t<span class=\"elementor-button-content-wrapper\">\n\t\t\t\t\t\t\t\t\t<span class=\"elementor-button-text\">Uuri L\u00e4hemalt<\/span>\n\t\t\t\t\t<\/span>\n\t\t\t\t\t<\/a>\n\t\t\t\t<\/div>\n\t\t\t\t\t\t\t\t<\/div>\n\t\t\t\t<\/div>\n\t\t\t\t\t<\/div>\n\t\t\t\t<\/div>\n\t\t\t\t<\/div>\n\t\t\t\t<\/div>\n\t\t<div class=\"elementor-element elementor-element-f028263 e-flex e-con-boxed e-con e-child\" data-id=\"f028263\" data-element_type=\"container\" data-e-type=\"container\">\n\t\t\t\t\t<div class=\"e-con-inner\">\n\t\t\t\t<div class=\"elementor-element elementor-element-1a273c1 elementor-widget elementor-widget-image\" data-id=\"1a273c1\" data-element_type=\"widget\" data-e-type=\"widget\" data-widget_type=\"image.default\">\n\t\t\t\t<div class=\"elementor-widget-container\">\n\t\t\t\t\t\t\t\t\t\t\t\t\t\t\t<img fetchpriority=\"high\" decoding=\"async\" width=\"800\" height=\"865\" src=\"https:\/\/flaretattoo.com\/wp-content\/uploads\/2024\/10\/Tattoo-Services-at-FlareTattoo-e1727781101738-947x1024.jpg\" class=\"attachment-large size-large wp-image-2301\" alt=\"T\u00e4toveerimisteenused FlareTattoo&#039;s\" srcset=\"https:\/\/flaretattoo.com\/wp-content\/uploads\/2024\/10\/Tattoo-Services-at-FlareTattoo-e1727781101738-947x1024.jpg 947w, https:\/\/flaretattoo.com\/wp-content\/uploads\/2024\/10\/Tattoo-Services-at-FlareTattoo-e1727781101738-277x300.jpg 277w, https:\/\/flaretattoo.com\/wp-content\/uploads\/2024\/10\/Tattoo-Services-at-FlareTattoo-e1727781101738-768x831.jpg 768w, https:\/\/flaretattoo.com\/wp-content\/uploads\/2024\/10\/Tattoo-Services-at-FlareTattoo-e1727781101738-11x12.jpg 11w, https:\/\/flaretattoo.com\/wp-content\/uploads\/2024\/10\/Tattoo-Services-at-FlareTattoo-e1727781101738.jpg 1077w\" sizes=\"(max-width: 800px) 100vw, 800px\" \/>\t\t\t\t\t\t\t\t\t\t\t\t\t\t\t<\/div>\n\t\t\t\t<\/div>\n\t\t\t\t\t<\/div>\n\t\t\t\t<\/div>\n\t\t\t\t\t<\/div>\n\t\t\t\t<\/div>\n\t\t<div class=\"elementor-element elementor-element-ce0b8a5 e-flex e-con-boxed e-con e-parent\" data-id=\"ce0b8a5\" data-element_type=\"container\" data-e-type=\"container\">\n\t\t\t\t\t<div class=\"e-con-inner\">\n\t\t<div class=\"elementor-element elementor-element-c575b41 e-con-full e-flex e-con e-child\" data-id=\"c575b41\" data-element_type=\"container\" data-e-type=\"container\">\n\t\t\t\t<div class=\"elementor-element elementor-element-751a780 elementor-view-default elementor-position-block-start elementor-mobile-position-block-start elementor-widget elementor-widget-icon-box\" data-id=\"751a780\" data-element_type=\"widget\" data-e-type=\"widget\" data-widget_type=\"icon-box.default\">\n\t\t\t\t<div class=\"elementor-widget-container\">\n\t\t\t\t\t\t\t<div class=\"elementor-icon-box-wrapper\">\n\n\t\t\t\t\t\t<div class=\"elementor-icon-box-icon\">\n\t\t\t\t<span  class=\"elementor-icon\">\n\t\t\t\t<i aria-hidden=\"true\" class=\"fas fa-thumbs-up\"><\/i>\t\t\t\t<\/span>\n\t\t\t<\/div>\n\t\t\t\n\t\t\t\t\t\t<div class=\"elementor-icon-box-content\">\n\n\t\t\t\t\t\t\t\t\t<h3 class=\"elementor-icon-box-title\">\n\t\t\t\t\t\t<span  >\n\t\t\t\t\t\t\tKohandatud t\u00e4toveering\t\t\t\t\t\t<\/span>\n\t\t\t\t\t<\/h3>\n\t\t\t\t\n\t\t\t\t\t\t\t\t\t<p class=\"elementor-icon-box-description\">\n\t\t\t\t\t\tMe loome unikaalseid, isikup\u00e4raseid t\u00e4toveeringuid, tehes teiega tihedat koost\u00f6\u00f6d, suunates teie n\u00e4gemust kontseptsioonist kujunduseni. Olenemata sellest, kas teil on konkreetne idee v\u00f5i vajate inspiratsiooni, meie kohandatud kujundused on kohandatud vastavalt teie stiilile.\t\t\t\t\t<\/p>\n\t\t\t\t\n\t\t\t<\/div>\n\t\t\t\n\t\t<\/div>\n\t\t\t\t\t\t<\/div>\n\t\t\t\t<\/div>\n\t\t\t\t<\/div>\n\t\t<div class=\"elementor-element elementor-element-d42e3bb e-con-full e-flex e-con e-child\" data-id=\"d42e3bb\" data-element_type=\"container\" data-e-type=\"container\">\n\t\t\t\t<div class=\"elementor-element elementor-element-c21e86c elementor-view-default elementor-position-block-start elementor-mobile-position-block-start elementor-widget elementor-widget-icon-box\" data-id=\"c21e86c\" data-element_type=\"widget\" data-e-type=\"widget\" data-widget_type=\"icon-box.default\">\n\t\t\t\t<div class=\"elementor-widget-container\">\n\t\t\t\t\t\t\t<div class=\"elementor-icon-box-wrapper\">\n\n\t\t\t\t\t\t<div class=\"elementor-icon-box-icon\">\n\t\t\t\t<span  class=\"elementor-icon\">\n\t\t\t\t<i aria-hidden=\"true\" class=\"fas fa-space-shuttle\"><\/i>\t\t\t\t<\/span>\n\t\t\t<\/div>\n\t\t\t\n\t\t\t\t\t\t<div class=\"elementor-icon-box-content\">\n\n\t\t\t\t\t\t\t\t\t<h3 class=\"elementor-icon-box-title\">\n\t\t\t\t\t\t<span  >\n\t\t\t\t\t\t\tWalk-In t\u00e4toveeringud\t\t\t\t\t\t<\/span>\n\t\t\t\t\t<\/h3>\n\t\t\t\t\n\t\t\t\t\t\t\t\t\t<p class=\"elementor-icon-box-description\">\n\t\t\t\t\t\tSpontaanne Tattoo? Pole probleemi. Pakume \"Walk-In Tattoo\", nii et v\u00f5ite tulla meile ilma etteteatamiseta ja lasta endale kohapeal t\u00e4toveeringu teha. Olenemata sellest, kas viibid Tallinnas l\u00fchiajaliselt v\u00f5i tunned end inspireerituna, meie walk-in teenus tagab paindlikkuse, ilma kvaliteedi osas j\u00e4releandmisi tegemata.\t\t\t\t\t<\/p>\n\t\t\t\t\n\t\t\t<\/div>\n\t\t\t\n\t\t<\/div>\n\t\t\t\t\t\t<\/div>\n\t\t\t\t<\/div>\n\t\t\t\t<\/div>\n\t\t<div class=\"elementor-element elementor-element-faaaa9d e-con-full e-flex e-con e-child\" data-id=\"faaaa9d\" data-element_type=\"container\" data-e-type=\"container\">\n\t\t\t\t<div class=\"elementor-element elementor-element-7668188 elementor-view-default elementor-position-block-start elementor-mobile-position-block-start elementor-widget elementor-widget-icon-box\" data-id=\"7668188\" data-element_type=\"widget\" data-e-type=\"widget\" data-widget_type=\"icon-box.default\">\n\t\t\t\t<div class=\"elementor-widget-container\">\n\t\t\t\t\t\t\t<div class=\"elementor-icon-box-wrapper\">\n\n\t\t\t\t\t\t<div class=\"elementor-icon-box-icon\">\n\t\t\t\t<span  class=\"elementor-icon\">\n\t\t\t\t<i aria-hidden=\"true\" class=\"fas fa-star-half-alt\"><\/i>\t\t\t\t<\/span>\n\t\t\t<\/div>\n\t\t\t\n\t\t\t\t\t\t<div class=\"elementor-icon-box-content\">\n\n\t\t\t\t\t\t\t\t\t<h3 class=\"elementor-icon-box-title\">\n\t\t\t\t\t\t<span  >\n\t\t\t\t\t\t\tV\u00e4rvilised t\u00e4toveeringud\t\t\t\t\t\t<\/span>\n\t\t\t\t\t<\/h3>\n\t\t\t\t\n\t\t\t\t\t\t\t\t\t<p class=\"elementor-icon-box-description\">\n\t\t\t\t\t\tMeie kunstnikud paistavad silma eluj\u00f5uliste ja kauakestvate v\u00e4rvitatoveeringute tegemisel. Kasutame kvaliteetseid, sertifitseeritud tinte, et luua rikkalikke, d\u00fcnaamilisi kujundusi, mis paistavad silma. Meie meeskond oskab t\u00f6\u00f6tada v\u00e4rviga k\u00f5igis selle vormides, alates \u00f5rnadest akvarellidefektidest kuni julge v\u00e4rviplokkideni.\t\t\t\t\t<\/p>\n\t\t\t\t\n\t\t\t<\/div>\n\t\t\t\n\t\t<\/div>\n\t\t\t\t\t\t<\/div>\n\t\t\t\t<\/div>\n\t\t\t\t<\/div>\n\t\t<div class=\"elementor-element elementor-element-c4817bd e-con-full e-flex e-con e-child\" data-id=\"c4817bd\" data-element_type=\"container\" data-e-type=\"container\">\n\t\t\t\t<div class=\"elementor-element elementor-element-49696df elementor-view-default elementor-position-block-start elementor-mobile-position-block-start elementor-widget elementor-widget-icon-box\" data-id=\"49696df\" data-element_type=\"widget\" data-e-type=\"widget\" data-widget_type=\"icon-box.default\">\n\t\t\t\t<div class=\"elementor-widget-container\">\n\t\t\t\t\t\t\t<div class=\"elementor-icon-box-wrapper\">\n\n\t\t\t\t\t\t<div class=\"elementor-icon-box-icon\">\n\t\t\t\t<span  class=\"elementor-icon\">\n\t\t\t\t<i aria-hidden=\"true\" class=\"fas fa-leaf\"><\/i>\t\t\t\t<\/span>\n\t\t\t<\/div>\n\t\t\t\n\t\t\t\t\t\t<div class=\"elementor-icon-box-content\">\n\n\t\t\t\t\t\t\t\t\t<h3 class=\"elementor-icon-box-title\">\n\t\t\t\t\t\t<span  >\n\t\t\t\t\t\t\tRealism T\u00e4toveeringud\t\t\t\t\t\t<\/span>\n\t\t\t\t\t<\/h3>\n\t\t\t\t\n\t\t\t\t\t\t\t\t\t<p class=\"elementor-icon-box-description\">\n\t\t\t\t\t\tNende jaoks, kes soovivad elutruud ja \u00fcksikasjalikke t\u00e4toveeringuid, on meie meeskonnal suured kogemused realismit\u00e4toveeringute alal. \u00dcksk\u00f5ik, kas tegemist on l\u00e4hedase inimese portreega v\u00f5i v\u00e4ga \u00fcksikasjaliku loodusmaastikuga, meie kunstnikud loovad vapustavaid, fotorealistlikke kujundusi.\t\t\t\t\t<\/p>\n\t\t\t\t\n\t\t\t<\/div>\n\t\t\t\n\t\t<\/div>\n\t\t\t\t\t\t<\/div>\n\t\t\t\t<\/div>\n\t\t\t\t<\/div>\n\t\t\t\t\t<\/div>\n\t\t\t\t<\/div>\n\t\t<div class=\"elementor-element elementor-element-81ce820 e-flex e-con-boxed e-con e-parent\" data-id=\"81ce820\" data-element_type=\"container\" data-e-type=\"container\">\n\t\t\t\t\t<div class=\"e-con-inner\">\n\t\t<div class=\"elementor-element elementor-element-8cf556f e-con-full e-flex e-con e-child\" data-id=\"8cf556f\" data-element_type=\"container\" data-e-type=\"container\">\n\t\t\t\t<div class=\"elementor-element elementor-element-d8fedc7 elementor-view-default elementor-position-block-start elementor-mobile-position-block-start elementor-widget elementor-widget-icon-box\" data-id=\"d8fedc7\" data-element_type=\"widget\" data-e-type=\"widget\" data-widget_type=\"icon-box.default\">\n\t\t\t\t<div class=\"elementor-widget-container\">\n\t\t\t\t\t\t\t<div class=\"elementor-icon-box-wrapper\">\n\n\t\t\t\t\t\t<div class=\"elementor-icon-box-icon\">\n\t\t\t\t<span  class=\"elementor-icon\">\n\t\t\t\t<i aria-hidden=\"true\" class=\"fas fa-square-full\"><\/i>\t\t\t\t<\/span>\n\t\t\t<\/div>\n\t\t\t\n\t\t\t\t\t\t<div class=\"elementor-icon-box-content\">\n\n\t\t\t\t\t\t\t\t\t<h3 class=\"elementor-icon-box-title\">\n\t\t\t\t\t\t<span  >\n\t\t\t\t\t\t\tBlack &amp; Grey Tattoos\t\t\t\t\t\t<\/span>\n\t\t\t\t\t<\/h3>\n\t\t\t\t\n\t\t\t\t\t\t\t\t\t<p class=\"elementor-icon-box-description\">\n\t\t\t\t\t\tPakume keerulisi musti ja halle t\u00e4toveeringuid, mis sobivad ideaalselt klientidele, kes eelistavad peent varjutust ja kontrasti. See klassikaline stiil v\u00f5ib ulatuda \u00fcksikasjalikest portreedest minimalistlike kujundusteni.\t\t\t\t\t<\/p>\n\t\t\t\t\n\t\t\t<\/div>\n\t\t\t\n\t\t<\/div>\n\t\t\t\t\t\t<\/div>\n\t\t\t\t<\/div>\n\t\t\t\t<\/div>\n\t\t<div class=\"elementor-element elementor-element-40dd789 e-con-full e-flex e-con e-child\" data-id=\"40dd789\" data-element_type=\"container\" data-e-type=\"container\">\n\t\t\t\t<div class=\"elementor-element elementor-element-5282338 elementor-view-default elementor-position-block-start elementor-mobile-position-block-start elementor-widget elementor-widget-icon-box\" data-id=\"5282338\" data-element_type=\"widget\" data-e-type=\"widget\" data-widget_type=\"icon-box.default\">\n\t\t\t\t<div class=\"elementor-widget-container\">\n\t\t\t\t\t\t\t<div class=\"elementor-icon-box-wrapper\">\n\n\t\t\t\t\t\t<div class=\"elementor-icon-box-icon\">\n\t\t\t\t<span  class=\"elementor-icon\">\n\t\t\t\t<i aria-hidden=\"true\" class=\"fas fa-stethoscope\"><\/i>\t\t\t\t<\/span>\n\t\t\t<\/div>\n\t\t\t\n\t\t\t\t\t\t<div class=\"elementor-icon-box-content\">\n\n\t\t\t\t\t\t\t\t\t<h3 class=\"elementor-icon-box-title\">\n\t\t\t\t\t\t<span  >\n\t\t\t\t\t\t\tCover-Up t\u00e4toveeringud\t\t\t\t\t\t<\/span>\n\t\t\t\t\t<\/h3>\n\t\t\t\t\n\t\t\t\t\t\t\t\t\t<p class=\"elementor-icon-box-description\">\n\t\t\t\t\t\tKas teil on vana t\u00e4toveering, mis ei sobi teile enam? Me oleme spetsialiseerunud peitet\u00e4toveeringutele, aidates teil muuta v\u00f5i varjata soovimatuid t\u00e4toveeringuid v\u00e4rske, uue disainiga, mis peegeldab teie praegust stiili.\t\t\t\t\t<\/p>\n\t\t\t\t\n\t\t\t<\/div>\n\t\t\t\n\t\t<\/div>\n\t\t\t\t\t\t<\/div>\n\t\t\t\t<\/div>\n\t\t\t\t<\/div>\n\t\t\t\t\t<\/div>\n\t\t\t\t<\/div>\n\t\t<div class=\"elementor-element elementor-element-509034a e-flex e-con-boxed e-con e-parent\" data-id=\"509034a\" data-element_type=\"container\" data-e-type=\"container\">\n\t\t\t\t\t<div class=\"e-con-inner\">\n\t\t<div class=\"elementor-element elementor-element-8befc1c e-con-full e-flex e-con e-child\" data-id=\"8befc1c\" data-element_type=\"container\" data-e-type=\"container\">\n\t\t\t\t<div class=\"elementor-element elementor-element-8853e8e elementor-view-default elementor-position-block-start elementor-mobile-position-block-start elementor-widget elementor-widget-icon-box\" data-id=\"8853e8e\" data-element_type=\"widget\" data-e-type=\"widget\" data-widget_type=\"icon-box.default\">\n\t\t\t\t<div class=\"elementor-widget-container\">\n\t\t\t\t\t\t\t<div class=\"elementor-icon-box-wrapper\">\n\n\t\t\t\t\t\t<div class=\"elementor-icon-box-icon\">\n\t\t\t\t<span  class=\"elementor-icon\">\n\t\t\t\t<i aria-hidden=\"true\" class=\"fas fa-spinner\"><\/i>\t\t\t\t<\/span>\n\t\t\t<\/div>\n\t\t\t\n\t\t\t\t\t\t<div class=\"elementor-icon-box-content\">\n\n\t\t\t\t\t\t\t\t\t<h3 class=\"elementor-icon-box-title\">\n\t\t\t\t\t\t<span  >\n\t\t\t\t\t\t\tT\u00e4toveeringute parandused\t\t\t\t\t\t<\/span>\n\t\t\t\t\t<\/h3>\n\t\t\t\t\n\t\t\t\t\t\t\t\t\t<p class=\"elementor-icon-box-description\">\n\t\t\t\t\t\tKui teie t\u00e4toveering vajab v\u00e4rskendamist v\u00f5i t\u00e4iustamist, pakume parandusteenust, et see p\u00fcsiks terav ja eluj\u00f5uline ka edaspidi.\t\t\t\t\t<\/p>\n\t\t\t\t\n\t\t\t<\/div>\n\t\t\t\n\t\t<\/div>\n\t\t\t\t\t\t<\/div>\n\t\t\t\t<\/div>\n\t\t\t\t<\/div>\n\t\t<div class=\"elementor-element elementor-element-f02f105 e-con-full e-flex e-con e-child\" data-id=\"f02f105\" data-element_type=\"container\" data-e-type=\"container\">\n\t\t\t\t<div class=\"elementor-element elementor-element-f8c670f elementor-view-default elementor-position-block-start elementor-mobile-position-block-start elementor-widget elementor-widget-icon-box\" data-id=\"f8c670f\" data-element_type=\"widget\" data-e-type=\"widget\" data-widget_type=\"icon-box.default\">\n\t\t\t\t<div class=\"elementor-widget-container\">\n\t\t\t\t\t\t\t<div class=\"elementor-icon-box-wrapper\">\n\n\t\t\t\t\t\t<div class=\"elementor-icon-box-icon\">\n\t\t\t\t<span  class=\"elementor-icon\">\n\t\t\t\t<i aria-hidden=\"true\" class=\"fas fa-female\"><\/i>\t\t\t\t<\/span>\n\t\t\t<\/div>\n\t\t\t\n\t\t\t\t\t\t<div class=\"elementor-icon-box-content\">\n\n\t\t\t\t\t\t\t\t\t<h3 class=\"elementor-icon-box-title\">\n\t\t\t\t\t\t<span  >\n\t\t\t\t\t\t\tP\u00fcsimeik\t\t\t\t\t\t<\/span>\n\t\t\t\t\t<\/h3>\n\t\t\t\t\n\t\t\t\t\t\t\t\t\t<p class=\"elementor-icon-box-description\">\n\t\t\t\t\t\tPakume p\u00fcsimeigiteenuseid, sealhulgas kulmude t\u00e4toveeringuid, silmalauge ja huulte t\u00e4toveeringuid klientidele, kes soovivad kaunistada oma n\u00e4ojooni kauakestvate tulemustega.\t\t\t\t\t<\/p>\n\t\t\t\t\n\t\t\t<\/div>\n\t\t\t\n\t\t<\/div>\n\t\t\t\t\t\t<\/div>\n\t\t\t\t<\/div>\n\t\t\t\t<\/div>\n\t\t<div class=\"elementor-element elementor-element-4a5a186 e-con-full e-flex e-con e-child\" data-id=\"4a5a186\" data-element_type=\"container\" data-e-type=\"container\">\n\t\t\t\t<div class=\"elementor-element elementor-element-6dc983f elementor-view-default elementor-position-block-start elementor-mobile-position-block-start elementor-widget elementor-widget-icon-box\" data-id=\"6dc983f\" data-element_type=\"widget\" data-e-type=\"widget\" data-widget_type=\"icon-box.default\">\n\t\t\t\t<div class=\"elementor-widget-container\">\n\t\t\t\t\t\t\t<div class=\"elementor-icon-box-wrapper\">\n\n\t\t\t\t\t\t<div class=\"elementor-icon-box-icon\">\n\t\t\t\t<span  class=\"elementor-icon\">\n\t\t\t\t<i aria-hidden=\"true\" class=\"fas fa-remove-format\"><\/i>\t\t\t\t<\/span>\n\t\t\t<\/div>\n\t\t\t\n\t\t\t\t\t\t<div class=\"elementor-icon-box-content\">\n\n\t\t\t\t\t\t\t\t\t<h3 class=\"elementor-icon-box-title\">\n\t\t\t\t\t\t<span  >\n\t\t\t\t\t\t\tT\u00e4toveeringute eemaldamine\t\t\t\t\t\t<\/span>\n\t\t\t\t\t<\/h3>\n\t\t\t\t\n\t\t\t\t\t\t\t\t\t<p class=\"elementor-icon-box-description\">\n\t\t\t\t\t\tNeile, kes soovivad t\u00e4toveeringut eemaldada v\u00f5i tuhmida, pakume professionaalset t\u00e4toveeringu eemaldamise teenust, et ohutult ja t\u00f5husalt kustutada soovimatuid kujundusi.\t\t\t\t\t<\/p>\n\t\t\t\t\n\t\t\t<\/div>\n\t\t\t\n\t\t<\/div>\n\t\t\t\t\t\t<\/div>\n\t\t\t\t<\/div>\n\t\t\t\t<\/div>\n\t\t\t\t\t<\/div>\n\t\t\t\t<\/div>\n\t\t<div class=\"elementor-element elementor-element-2d012ef e-flex e-con-boxed e-con e-parent\" data-id=\"2d012ef\" data-element_type=\"container\" data-e-type=\"container\">\n\t\t\t\t\t<div class=\"e-con-inner\">\n\t\t\t\t<div class=\"elementor-element elementor-element-76df5f6 elementor-widget elementor-widget-spacer\" data-id=\"76df5f6\" data-element_type=\"widget\" data-e-type=\"widget\" data-widget_type=\"spacer.default\">\n\t\t\t\t<div class=\"elementor-widget-container\">\n\t\t\t\t\t\t\t<div class=\"elementor-spacer\">\n\t\t\t<div class=\"elementor-spacer-inner\"><\/div>\n\t\t<\/div>\n\t\t\t\t\t\t<\/div>\n\t\t\t\t<\/div>\n\t\t\t\t\t<\/div>\n\t\t\t\t<\/div>\n\t\t<div class=\"elementor-element elementor-element-96b8d87 e-flex e-con-boxed e-con e-parent\" data-id=\"96b8d87\" data-element_type=\"container\" data-e-type=\"container\" data-settings=\"{&quot;background_background&quot;:&quot;classic&quot;}\">\n\t\t\t\t\t<div class=\"e-con-inner\">\n\t\t<div class=\"elementor-element elementor-element-75aa6a9 e-con-full e-flex e-con e-child\" data-id=\"75aa6a9\" data-element_type=\"container\" data-e-type=\"container\" data-settings=\"{&quot;background_background&quot;:&quot;classic&quot;}\">\n\t\t\t\t<div class=\"elementor-element elementor-element-8a4e20d elementor-widget elementor-widget-text-editor\" data-id=\"8a4e20d\" data-element_type=\"widget\" data-e-type=\"widget\" data-widget_type=\"text-editor.default\">\n\t\t\t\t<div class=\"elementor-widget-container\">\n\t\t\t\t\t\t\t\t\t<h3>Hinnakujunduse \u00fclevaade<\/h3>\t\t\t\t\t\t\t\t<\/div>\n\t\t\t\t<\/div>\n\t\t\t\t<div class=\"elementor-element elementor-element-0f6963e elementor-widget elementor-widget-text-editor\" data-id=\"0f6963e\" data-element_type=\"widget\" data-e-type=\"widget\" data-widget_type=\"text-editor.default\">\n\t\t\t\t<div class=\"elementor-widget-container\">\n\t\t\t\t\t\t\t\t\t<p>Kirjad: Alates 50 eurost<\/p><p>Mini-t\u00e4toveeringud: Alates 50 eurost<\/p><p>Kaela t\u00e4toveeringud: Alates 70 eurost<\/p><p>V\u00e4rvilised t\u00e4toveeringud: Alates 100 eurost<\/p><p>Realism T\u00e4toveeringud: Alates 150 eurost<\/p><p>Cover-Up t\u00e4toveeringud: Alates 250 eurost<\/p><h3>Paindlikud maksev\u00f5imalused<\/h3><p>Pakume paindlikke maksegraafikuid, sealhulgas intressivaba j\u00e4relmaksu kuni 3 kuu jooksul, mis lihtsustab soovitud t\u00e4toveeringu saamist ilma finantsstressita.<\/p><h3>Miks valida FlareTattoo?<\/h3><ul><li>Aastatepikkuse kogemusega auhinnatud kunstnikud.<\/li><li>Mitmekeelne teenus inglise, eesti ja vene keeles.<\/li><li>Mugav asukoht Tallinna s\u00fcdalinnas koos l\u00e4hedal asuva parkimiskohaga.<\/li><li>State-of-the-Art stuudio, mis seab esikohale h\u00fcgieeni ja ohutuse.<\/li><\/ul><h3>Broneeri oma t\u00e4toveering t\u00e4na!<\/h3><p>Kas oled valmis oma j\u00e4rgmise t\u00e4toveeringu tegemiseks? V\u00f5ta meiega \u00fchendust konsultatsiooni saamiseks v\u00f5i tule meile vastuv\u00f5tule ja lase meie meeskonnal oma t\u00e4toveeringu ideed ellu viia!<\/p>\t\t\t\t\t\t\t\t<\/div>\n\t\t\t\t<\/div>\n\t\t\t\t<\/div>\n\t\t\t\t\t<\/div>\n\t\t\t\t<\/div>\n\t\t\t\t<\/div>","protected":false},"excerpt":{"rendered":"<p>Experience Award-Winning Tattoo Services in the Heart of Tallinn At FlareTattoo, we offer a comprehensive range of tattoo services designed to meet your individual needs and preferences. Our skilled, multilingual artists are dedicated to providing high-quality tattoos in a professional and welcoming environment. Whether you\u2019re seeking something small or looking for a full custom sleeve, [&hellip;]<\/p>\n","protected":false},"author":1,"featured_media":0,"parent":0,"menu_order":0,"comment_status":"closed","ping_status":"closed","template":"","meta":{"footnotes":""},"class_list":["post-2299","page","type-page","status-publish","hentry"],"_links":{"self":[{"href":"https:\/\/flaretattoo.com\/et\/wp-json\/wp\/v2\/pages\/2299","targetHints":{"allow":["GET"]}}],"collection":[{"href":"https:\/\/flaretattoo.com\/et\/wp-json\/wp\/v2\/pages"}],"about":[{"href":"https:\/\/flaretattoo.com\/et\/wp-json\/wp\/v2\/types\/page"}],"author":[{"embeddable":true,"href":"https:\/\/flaretattoo.com\/et\/wp-json\/wp\/v2\/users\/1"}],"replies":[{"embeddable":true,"href":"https:\/\/flaretattoo.com\/et\/wp-json\/wp\/v2\/comments?post=2299"}],"version-history":[{"count":22,"href":"https:\/\/flaretattoo.com\/et\/wp-json\/wp\/v2\/pages\/2299\/revisions"}],"predecessor-version":[{"id":2324,"href":"https:\/\/flaretattoo.com\/et\/wp-json\/wp\/v2\/pages\/2299\/revisions\/2324"}],"wp:attachment":[{"href":"https:\/\/flaretattoo.com\/et\/wp-json\/wp\/v2\/media?parent=2299"}],"curies":[{"name":"wp","href":"https:\/\/api.w.org\/{rel}","templated":true}]}}