{"id":214,"date":"2023-10-14T09:50:50","date_gmt":"2023-10-14T09:50:50","guid":{"rendered":"http:\/\/flaretattoo.com\/?page_id=214"},"modified":"2026-03-24T04:53:33","modified_gmt":"2026-03-24T04:53:33","slug":"booking","status":"publish","type":"page","link":"https:\/\/flaretattoo.com\/et\/broneerimine\/","title":{"rendered":"Broneerimine"},"content":{"rendered":"<div data-elementor-type=\"wp-page\" data-elementor-id=\"214\" class=\"elementor elementor-214\" data-elementor-post-type=\"page\">\n\t\t\t\t<div class=\"elementor-element elementor-element-fd2ceea e-flex e-con-boxed e-con e-parent\" data-id=\"fd2ceea\" data-element_type=\"container\" data-e-type=\"container\">\n\t\t\t\t\t<div class=\"e-con-inner\">\n\t\t\t\t<div class=\"elementor-element elementor-element-44927f6 elementor-widget elementor-widget-heading\" data-id=\"44927f6\" data-element_type=\"widget\" data-e-type=\"widget\" data-widget_type=\"heading.default\">\n\t\t\t\t<div class=\"elementor-widget-container\">\n\t\t\t\t\t<h1 class=\"elementor-heading-title elementor-size-default\">Broneeri oma t\u00e4toveeringu aeg Flare Tattoo's<\/h1>\t\t\t\t<\/div>\n\t\t\t\t<\/div>\n\t\t\t\t<div class=\"elementor-element elementor-element-ecd5041 elementor-widget elementor-widget-text-editor\" data-id=\"ecd5041\" data-element_type=\"widget\" data-e-type=\"widget\" data-widget_type=\"text-editor.default\">\n\t\t\t\t<div class=\"elementor-widget-container\">\n\t\t\t\t\t\t\t\t\tT\u00e4ida allpool oma andmed, vajaliku teenuse, kuup\u00e4eva ja soovitud kellaaja kohta ning me v\u00f5tame sinuga \u00fchendust, et broneerida aeg.\n\t\t\t\t\t\t\t\t<\/div>\n\t\t\t\t<\/div>\n\t\t\t\t\t<\/div>\n\t\t\t\t<\/div>\n\t\t\t\t<\/div>","protected":false},"excerpt":{"rendered":"<p>Broneeri oma t\u00e4toveeringu aeg Flare Tattoo's. T\u00e4itke allpool oma andmed, m\u00e4rkides teenus, mida vajate, kuup\u00e4ev ja soovitud kellaaeg ning me v\u00f5tame teiega \u00fchendust, et broneerida aeg.<\/p>","protected":false},"author":1,"featured_media":0,"parent":0,"menu_order":0,"comment_status":"closed","ping_status":"closed","template":"","meta":{"footnotes":""},"class_list":["post-214","page","type-page","status-publish","hentry"],"_links":{"self":[{"href":"https:\/\/flaretattoo.com\/et\/wp-json\/wp\/v2\/pages\/214","targetHints":{"allow":["GET"]}}],"collection":[{"href":"https:\/\/flaretattoo.com\/et\/wp-json\/wp\/v2\/pages"}],"about":[{"href":"https:\/\/flaretattoo.com\/et\/wp-json\/wp\/v2\/types\/page"}],"author":[{"embeddable":true,"href":"https:\/\/flaretattoo.com\/et\/wp-json\/wp\/v2\/users\/1"}],"replies":[{"embeddable":true,"href":"https:\/\/flaretattoo.com\/et\/wp-json\/wp\/v2\/comments?post=214"}],"version-history":[{"count":126,"href":"https:\/\/flaretattoo.com\/et\/wp-json\/wp\/v2\/pages\/214\/revisions"}],"predecessor-version":[{"id":2490,"href":"https:\/\/flaretattoo.com\/et\/wp-json\/wp\/v2\/pages\/214\/revisions\/2490"}],"wp:attachment":[{"href":"https:\/\/flaretattoo.com\/et\/wp-json\/wp\/v2\/media?parent=214"}],"curies":[{"name":"wp","href":"https:\/\/api.w.org\/{rel}","templated":true}]}}